{"id":10103,"date":"2025-04-27T13:10:36","date_gmt":"2025-04-27T13:10:36","guid":{"rendered":"https:\/\/koryo.club\/koryo-taekwondo-club-ornex-cours-pour-enfants-dans-un-magnifique-dojang\/"},"modified":"2026-04-15T12:44:12","modified_gmt":"2026-04-15T12:44:12","slug":"koryo-taekwondo-club-ornex-cours-pour-enfants-dans-un-magnifique-dojang","status":"publish","type":"page","link":"https:\/\/koryo.club\/fr\/koryo-taekwondo-club-ornex-cours-pour-enfants-dans-un-magnifique-dojang\/","title":{"rendered":"Koryo Taekwondo Club Ornex \u2013 Cours pour Enfants dans un Magnifique Dojang"},"content":{"rendered":"<p>[elementor-template id=\u00a0\u00bb6227&Prime;]        \t\t<\/p>\n<h2>Introduction<\/h2>\n<p data-start=\"515\" data-end=\"913\">Vous cherchez des cours de Taekwondo pr\u00e8s de chez vous \u00e0 Ornex ?<br data-start=\"579\" data-end=\"582\" \/>Bienvenue au <strong data-start=\"595\" data-end=\"619\">Koryo Taekwondo Club<\/strong> dans le magnifique <strong data-start=\"639\" data-end=\"669\">Gymnase de la Charbonni\u00e8re<\/strong> !<br data-start=\"671\" data-end=\"674\" \/>Nous proposons des entra\u00eenements dynamiques de Taekwondo pour les enfants de <strong data-start=\"751\" data-end=\"765\">8 \u00e0 15 ans<\/strong> ainsi qu\u2019un programme sp\u00e9cialis\u00e9 <strong data-start=\"799\" data-end=\"812\">TaekFunDo<\/strong> pour les tout-petits de <strong data-start=\"837\" data-end=\"850\">4 \u00e0 6 ans<\/strong>, le tout dans un environnement structur\u00e9, ludique et motivant.<\/p>\n<\/p>\n<p data-start=\"915\" data-end=\"1023\">Entra\u00eenez-vous dans un beau dojang o\u00f9 comp\u00e9tences martiales, discipline et confiance en soi se rencontrent !<\/p>\n<h2>\ud83e\udd4b Entra\u00eenements et Cours \u00e0 Ornex<\/h2>\n<h4 data-start=\"1030\" data-end=\"1059\">\ud83e\udd4b Taekwondo (8\u201315 ans)<\/h4>\n<\/p>\n<p data-start=\"1060\" data-end=\"1197\">\ud83d\udcc5 Tous les vendredis et mercredis de 17h45 \u00e0 18h45<br data-start=\"1098\" data-end=\"1101\" \/>\ud83c\udfeb Gymnase de la Charbonni\u00e8re, Ornex<br data-start=\"1137\" data-end=\"1140\" \/>\ud83d\udcb5 Adh\u00e9sion annuelle : 327 \u20ac<br data-start=\"1168\" data-end=\"1171\" \/>\ud83c\udfaf 20 places disponibles<\/p>\n<h4 data-start=\"1204\" data-end=\"1243\">\ud83d\udc23 TaekFunDo (4\u20136 ans) \u2013 Groupe 1<\/h4>\n<\/p>\n<p data-start=\"1244\" data-end=\"1379\">\ud83d\udcc5 Tous les samedis de 14h00 \u00e0 14h45<br data-start=\"1280\" data-end=\"1283\" \/>\ud83c\udfeb Gymnase de la Charbonni\u00e8re, Ornex<br data-start=\"1319\" data-end=\"1322\" \/>\ud83d\udcb5 Adh\u00e9sion annuelle : 327 \u20ac<br data-start=\"1350\" data-end=\"1353\" \/>\ud83c\udfaf 15 places disponibles<\/p>\n<h4 data-start=\"1386\" data-end=\"1425\">\ud83d\udc23 TaekFunDo (4\u20136 ans) \u2013 Groupe 2<\/h4>\n<\/p>\n<p data-start=\"1426\" data-end=\"1561\">\ud83d\udcc5 Tous les samedis de 15h00 \u00e0 15h45<br data-start=\"1462\" data-end=\"1465\" \/>\ud83c\udfeb Gymnase de la Charbonni\u00e8re, Ornex<br data-start=\"1501\" data-end=\"1504\" \/>\ud83d\udcb5 Adh\u00e9sion annuelle : 327 \u20ac<br data-start=\"1532\" data-end=\"1535\" \/>\ud83c\udfaf 15 places disponibles<\/p>\n<h4 data-start=\"1386\" data-end=\"1425\">\ud83d\udc23 TaekFunDo (4\u20136 ans) \u2013 Groupe 3<\/h4>\n<\/p>\n<p data-start=\"1386\" data-end=\"1425\">\ud83d\udcc5 Tous les samedis de 16h00 \u00e0 16h45<br data-start=\"1462\" data-end=\"1465\" \/>\ud83c\udfeb Gymnase de la Charbonni\u00e8re, Ornex<br data-start=\"1501\" data-end=\"1504\" \/>\ud83d\udcb5 Adh\u00e9sion annuelle : 327 \u20ac<br data-start=\"1532\" data-end=\"1535\" \/>\ud83c\udfaf 15 places disponibles<\/p>\n<h4 data-start=\"1568\" data-end=\"1597\">\ud83d\udc76 Le programme TaekFunDo<\/h4>\n<\/p>\n<p data-start=\"1599\" data-end=\"1675\">Con\u00e7u sp\u00e9cialement pour les jeunes enfants, le TaekFunDo aide \u00e0 d\u00e9velopper :<\/p>\n<ul data-start=\"1676\" data-end=\"1804\">\n<li data-start=\"1676\" data-end=\"1691\">\n<p data-start=\"1678\" data-end=\"1691\">la motricit\u00e9,<\/p>\n<\/li>\n<li data-start=\"1692\" data-end=\"1706\">\n<p data-start=\"1694\" data-end=\"1706\">l&rsquo;\u00e9quilibre,<\/p>\n<\/li>\n<li data-start=\"1707\" data-end=\"1723\">\n<p data-start=\"1709\" data-end=\"1723\">la discipline,<\/p>\n<\/li>\n<li data-start=\"1724\" data-end=\"1804\">\n<p data-start=\"1726\" data-end=\"1804\">et le respect,<br data-start=\"1740\" data-end=\"1743\" \/>\u00e0 travers des activit\u00e9s ludiques inspir\u00e9es des arts martiaux.<\/p>\n<\/li>\n<\/ul>\n<h2>\ud83c\udf1f Pourquoi choisir Koryo Taekwondo Club \u00e0 Ornex ?<\/h2>\n<p>\u2705 Programme TaekFunDo sp\u00e9cialis\u00e9 pour les tout-petits<br data-start=\"2180\" data-end=\"2183\" \/>\u2705 Cours traditionnels pour enfants et adolescents<br data-start=\"2232\" data-end=\"2235\" \/>\u2705 Instructeurs exp\u00e9riment\u00e9s et reconnus internationalement<br data-start=\"2293\" data-end=\"2296\" \/>\u2705 Entra\u00eenements dans un espace moderne et accueillant<\/p>\n<p>\ud83d\udccd <strong data-start=\"2361\" data-end=\"2371\">Lieu :<\/strong><br data-start=\"2371\" data-end=\"2374\" \/><strong data-start=\"2374\" data-end=\"2404\">Koryo Taekwondo Club Ornex<\/strong><br data-start=\"2404\" data-end=\"2407\" \/>Gymnase de la Charbonni\u00e8re, Ornex, France<\/p>\n<h2>Rejoignez-nous d\u00e8s aujourd&rsquo;hui !<\/h2>\n<p>Faites le premier pas vers un avenir plus lumineux pour vous ou votre enfant.<br data-start=\"2532\" data-end=\"2535\" \/>Rejoignez-nous \u00e0 Ornex et d\u00e9couvrez les nombreux bienfaits de l&rsquo;entra\u00eenement en arts martiaux.<br data-start=\"2629\" data-end=\"2632\" \/>Au <strong data-start=\"2635\" data-end=\"2659\">Koryo Taekwondo Club<\/strong>, nous nous engageons \u00e0 aider chaque \u00e9l\u00e8ve \u00e0 atteindre son plein potentiel.<\/p>\n<p>\t\t\t\t\t<a href=\"https:\/\/www.helloasso.com\/associations\/koryo-taekwondo-club-sgp\/adhesions\/adhesion-2025-2026-taekwondo\"><br \/>\n\t\t\t\t\t\t\t\t\tR\u00e9servez votre place<br \/>\n\t\t\t\t\t<\/a><br \/>\n\t\t\t<iframe loading=\"lazy\"\n\t\t\t\t\tsrc=\"https:\/\/maps.google.com\/maps?q=koryo%20taekwondo%20club%20Ornex&#038;t=m&#038;z=13&#038;output=embed&#038;iwloc=near\"\n\t\t\t\t\ttitle=\"koryo taekwondo club Ornex\"\n\t\t\t\t\taria-label=\"koryo taekwondo club Ornex\"\n\t\t\t><\/iframe><\/p>\n<figure><a href=\"https:\/\/koryo.club\/fr\/\" tabindex=\"-1\"><img loading=\"lazy\" decoding=\"async\" width=\"639\" height=\"311\" src=\"https:\/\/koryo.club\/wp-content\/uploads\/2022\/09\/New-white-koryo-logo-1.png\" alt=\"\" \/><\/a><\/figure>\n<p><strong data-start=\"2741\" data-end=\"2765\">Koryo Taekwondo Club<\/strong> est l\u2019\u00e9cole d\u2019arts martiaux n\u00b01 \u00e0 <strong data-start=\"2800\" data-end=\"2832\">Gex, Gland, Versoix, Champel<\/strong> et <strong data-start=\"2836\" data-end=\"2846\">Gen\u00e8ve<\/strong>.<br data-start=\"2847\" data-end=\"2850\" \/>Cours de Taekwondo pour tous les \u00e2ges, de 3 \u00e0 100 ans.<br data-start=\"2904\" data-end=\"2907\" \/>Programmes extrascolaires, combat, poomsae, et bien plus !<\/p>\n<p>\t\t\t\t\t<a href=\"https:\/\/twitter.com\/club_koryo\" target=\"_blank\"><br \/>\n\t\t\t\t\t\tTwitter<br \/>\n\t\t\t\t\t\t<svg aria-hidden=\"true\" viewBox=\"0 0 512 512\" xmlns=\"http:\/\/www.w3.org\/2000\/svg\"><path d=\"M459.37 151.716c.325 4.548.325 9.097.325 13.645 0 138.72-105.583 298.558-298.558 298.558-59.452 0-114.68-17.219-161.137-47.106 8.447.974 16.568 1.299 25.34 1.299 49.055 0 94.213-16.568 130.274-44.832-46.132-.975-84.792-31.188-98.112-72.772 6.498.974 12.995 1.624 19.818 1.624 9.421 0 18.843-1.3 27.614-3.573-48.081-9.747-84.143-51.98-84.143-102.985v-1.299c13.969 7.797 30.214 12.67 47.431 13.319-28.264-18.843-46.781-51.005-46.781-87.391 0-19.492 5.197-37.36 14.294-52.954 51.655 63.675 129.3 105.258 216.365 109.807-1.624-7.797-2.599-15.918-2.599-24.04 0-57.828 46.782-104.934 104.934-104.934 30.213 0 57.502 12.67 76.67 33.137 23.715-4.548 46.456-13.32 66.599-25.34-7.798 24.366-24.366 44.833-46.132 57.827 21.117-2.273 41.584-8.122 60.426-16.243-14.292 20.791-32.161 39.308-52.628 54.253z\"><\/path><\/svg>\t\t\t\t\t<\/a><br \/>\n\t\t\t\t\t<a href=\"https:\/\/www.facebook.com\/koryo.clubb\/\" target=\"_blank\"><br \/>\n\t\t\t\t\t\tFacebook-f<br \/>\n\t\t\t\t\t\t<svg aria-hidden=\"true\" viewBox=\"0 0 320 512\" xmlns=\"http:\/\/www.w3.org\/2000\/svg\"><path d=\"M279.14 288l14.22-92.66h-88.91v-60.13c0-25.35 12.42-50.06 52.24-50.06h40.42V6.26S260.43 0 225.36 0c-73.22 0-121.08 44.38-121.08 124.72v70.62H22.89V288h81.39v224h100.17V288z\"><\/path><\/svg>\t\t\t\t\t<\/a><br \/>\n\t\t\t\t\t<a target=\"_blank\"><br \/>\n\t\t\t\t\t\tYoutube<br \/>\n\t\t\t\t\t\t<svg aria-hidden=\"true\" viewBox=\"0 0 576 512\" xmlns=\"http:\/\/www.w3.org\/2000\/svg\"><path d=\"M549.655 124.083c-6.281-23.65-24.787-42.276-48.284-48.597C458.781 64 288 64 288 64S117.22 64 74.629 75.486c-23.497 6.322-42.003 24.947-48.284 48.597-11.412 42.867-11.412 132.305-11.412 132.305s0 89.438 11.412 132.305c6.281 23.65 24.787 41.5 48.284 47.821C117.22 448 288 448 288 448s170.78 0 213.371-11.486c23.497-6.321 42.003-24.171 48.284-47.821 11.412-42.867 11.412-132.305 11.412-132.305s0-89.438-11.412-132.305zm-317.51 213.508V175.185l142.739 81.205-142.739 81.201z\"><\/path><\/svg>\t\t\t\t\t<\/a><br \/>\n\t\t\t\t\t<a href=\"https:\/\/www.instagram.com\/koryo.club\/\" target=\"_blank\"><br \/>\n\t\t\t\t\t\tInstagram<br \/>\n\t\t\t\t\t\t<svg aria-hidden=\"true\" viewBox=\"0 0 448 512\" xmlns=\"http:\/\/www.w3.org\/2000\/svg\"><path d=\"M224.1 141c-63.6 0-114.9 51.3-114.9 114.9s51.3 114.9 114.9 114.9S339 319.5 339 255.9 287.7 141 224.1 141zm0 189.6c-41.1 0-74.7-33.5-74.7-74.7s33.5-74.7 74.7-74.7 74.7 33.5 74.7 74.7-33.6 74.7-74.7 74.7zm146.4-194.3c0 14.9-12 26.8-26.8 26.8-14.9 0-26.8-12-26.8-26.8s12-26.8 26.8-26.8 26.8 12 26.8 26.8zm76.1 27.2c-1.7-35.9-9.9-67.7-36.2-93.9-26.2-26.2-58-34.4-93.9-36.2-37-2.1-147.9-2.1-184.9 0-35.8 1.7-67.6 9.9-93.9 36.1s-34.4 58-36.2 93.9c-2.1 37-2.1 147.9 0 184.9 1.7 35.9 9.9 67.7 36.2 93.9s58 34.4 93.9 36.2c37 2.1 147.9 2.1 184.9 0 35.9-1.7 67.7-9.9 93.9-36.2 26.2-26.2 34.4-58 36.2-93.9 2.1-37 2.1-147.8 0-184.8zM398.8 388c-7.8 19.6-22.9 34.7-42.6 42.6-29.5 11.7-99.5 9-132.1 9s-102.7 2.6-132.1-9c-19.6-7.8-34.7-22.9-42.6-42.6-11.7-29.5-9-99.5-9-132.1s-2.6-102.7 9-132.1c7.8-19.6 22.9-34.7 42.6-42.6 29.5-11.7 99.5-9 132.1-9s102.7-2.6 132.1 9c19.6 7.8 34.7 22.9 42.6 42.6 11.7 29.5 9 99.5 9 132.1s2.7 102.7-9 132.1z\"><\/path><\/svg>\t\t\t\t\t<\/a><\/p>\n<h2>Emplacements<\/h2>\n<ul>\n<li>\n\t\t\t\t\t\t\t\t\t\tChampel\n\t\t\t\t\t\t\t\t\t<\/li>\n<li>\n\t\t\t\t\t\t\t\t\t\tVersoix\n\t\t\t\t\t\t\t\t\t<\/li>\n<li>\n\t\t\t\t\t\t\t\t\t\tPay de Gex\n\t\t\t\t\t\t\t\t\t<\/li>\n<li>\n\t\t\t\t\t\t\t\t\t\tGland\n\t\t\t\t\t\t\t\t\t<\/li>\n<li>\n\t\t\t\t\t\t\t\t\t\tGen\u00e8ve\n\t\t\t\t\t\t\t\t\t<\/li>\n<\/ul>\n<h2>Les cours <\/h2>\n<ul>\n<li>\n\t\t\t\t\t\t\t\t\t\tJunior\n\t\t\t\t\t\t\t\t\t<\/li>\n<li>\n\t\t\t\t\t\t\t\t\t\tSenior\n\t\t\t\t\t\t\t\t\t<\/li>\n<li>\n\t\t\t\t\t\t\t\t\t\tpriv\u00e9e\n\t\t\t\t\t\t\t\t\t<\/li>\n<li>\n\t\t\t\t\t\t\t\t\t\tAdultes\n\t\t\t\t\t\t\t\t\t<\/li>\n<li>\n\t\t\t\t\t\t\t\t\t\tChamps\n\t\t\t\t\t\t\t\t\t<\/li>\n<\/ul>\n<h2>Downloads<\/h2>\n<ul>\n<li>\n\t\t\t\t\t\t\t\t\t\tShop\n\t\t\t\t\t\t\t\t\t<\/li>\n<li>\n\t\t\t\t\t\t\t\t\t\tEssai gratuit\n\t\t\t\t\t\t\t\t\t<\/li>\n<li>\n\t\t\t\t\t\t\t\t\t\tCertificat de ceinture\n\t\t\t\t\t\t\t\t\t<\/li>\n<li>\n\t\t\t\t\t\t\t\t\t\t\u00c0 propos de nous\n\t\t\t\t\t\t\t\t\t<\/li>\n<li>\n\t\t\t\t\t\t\t\t\t\tContactez-nous\n\t\t\t\t\t\t\t\t\t<\/li>\n<\/ul>\n<ul role=\"menu\">\n<li role=\"none\">\n\t\t\t\t<a href=\"#\" role=\"menuitem\" ><br \/>\n                                                        <img decoding=\"async\"\n            src=\"https:\/\/koryo.club\/wp-content\/plugins\/sitepress-multilingual-cms\/res\/flags\/en.svg\"\n            alt=\"English\"\n            width=18\n            height=12\n    \/><\/a>\n\t\t\t<\/li>\n<li role=\"none\">\n\t\t\t\t<a href=\"#\" role=\"menuitem\"  aria-label=\"Switch to French\" title=\"Switch to French\" ><br \/>\n                                                        <img decoding=\"async\"\n            src=\"https:\/\/koryo.club\/wp-content\/plugins\/sitepress-multilingual-cms\/res\/flags\/fr.svg\"\n            alt=\"French\"\n            width=18\n            height=12\n    \/><\/a>\n\t\t\t<\/li>\n<\/ul>\n<h3>\u00a9 All rights reserved<\/h3>\n<h3>Made with \u2764 by Koryo Club<\/h3>\n","protected":false},"excerpt":{"rendered":"<p>[elementor-template id=\u00a0\u00bb6227&Prime;] Introduction Vous cherchez des cours de Taekwondo pr\u00e8s de chez vous \u00e0 Ornex ?Bienvenue au Koryo Taekwondo Club dans le magnifique Gymnase de la Charbonni\u00e8re !Nous proposons des entra\u00eenements dynamiques de Taekwondo pour les enfants de 8 \u00e0 15 ans ainsi qu\u2019un programme sp\u00e9cialis\u00e9 TaekFunDo pour les tout-petits de 4 \u00e0 6 ans, &#8230; <a title=\"Koryo Taekwondo Club Ornex \u2013 Cours pour Enfants dans un Magnifique Dojang\" class=\"read-more\" href=\"https:\/\/koryo.club\/fr\/koryo-taekwondo-club-ornex-cours-pour-enfants-dans-un-magnifique-dojang\/\" aria-label=\"En savoir plus sur Koryo Taekwondo Club Ornex \u2013 Cours pour Enfants dans un Magnifique Dojang\">Lire la suite<\/a><\/p>\n","protected":false},"author":2,"featured_media":0,"parent":0,"menu_order":0,"comment_status":"closed","ping_status":"closed","template":"","meta":{"footnotes":""},"class_list":["post-10103","page","type-page","status-publish"],"yoast_head":"<!-- This site is optimized with the Yoast SEO Premium plugin v26.6 (Yoast SEO v27.3) - https:\/\/yoast.com\/product\/yoast-seo-premium-wordpress\/ -->\n<title>Taekwondo Ornex | Cours de Taekwondo pour Enfants \u2013 Koryo Taekwondo Club<\/title>\n<meta name=\"description\" content=\"Rejoignez le Koryo Taekwondo Club \u00e0 Ornex ! Cours pour enfants de 4 \u00e0 15 ans au Gymnase de la Charbonni\u00e8re. Entra\u00eenements dynamiques tous les vendredis et samedis.\" \/>\n<meta name=\"robots\" content=\"noindex, follow, max-snippet:-1, max-image-preview:large, max-video-preview:-1\" \/>\n<meta property=\"og:locale\" content=\"fr_FR\" \/>\n<meta property=\"og:type\" content=\"article\" \/>\n<meta property=\"og:title\" content=\"Koryo Taekwondo Club Ornex \u2013 Cours pour Enfants dans un Magnifique Dojang\" \/>\n<meta property=\"og:description\" content=\"Rejoignez le Koryo Taekwondo Club \u00e0 Ornex ! Cours pour enfants de 4 \u00e0 15 ans au Gymnase de la Charbonni\u00e8re. Entra\u00eenements dynamiques tous les vendredis et samedis.\" \/>\n<meta property=\"og:url\" content=\"https:\/\/koryo.club\/fr\/koryo-taekwondo-club-ornex-cours-pour-enfants-dans-un-magnifique-dojang\/\" \/>\n<meta property=\"og:site_name\" content=\"Koryo Taekwondo Club\" \/>\n<meta property=\"article:modified_time\" content=\"2026-04-15T12:44:12+00:00\" \/>\n<meta property=\"og:image\" content=\"https:\/\/koryo.club\/wp-content\/uploads\/2026\/04\/taekwondo-ornex.webp\" \/>\n\t<meta property=\"og:image:width\" content=\"1600\" \/>\n\t<meta property=\"og:image:height\" content=\"1200\" \/>\n\t<meta property=\"og:image:type\" content=\"image\/webp\" \/>\n<meta name=\"twitter:card\" content=\"summary_large_image\" \/>\n<meta name=\"twitter:label1\" content=\"Dur\u00e9e de lecture estim\u00e9e\" \/>\n\t<meta name=\"twitter:data1\" content=\"2 minutes\" \/>\n<script type=\"application\/ld+json\" class=\"yoast-schema-graph\">{\"@context\":\"https:\\\/\\\/schema.org\",\"@graph\":[{\"@type\":\"WebPage\",\"@id\":\"https:\\\/\\\/koryo.club\\\/fr\\\/koryo-taekwondo-club-ornex-cours-pour-enfants-dans-un-magnifique-dojang\\\/\",\"url\":\"https:\\\/\\\/koryo.club\\\/fr\\\/koryo-taekwondo-club-ornex-cours-pour-enfants-dans-un-magnifique-dojang\\\/\",\"name\":\"Taekwondo Ornex | Cours de Taekwondo pour Enfants \u2013 Koryo Taekwondo Club\",\"isPartOf\":{\"@id\":\"https:\\\/\\\/koryo-7620b8.ingress-florina.easywp.com\\\/#website\"},\"primaryImageOfPage\":{\"@id\":\"https:\\\/\\\/koryo.club\\\/fr\\\/koryo-taekwondo-club-ornex-cours-pour-enfants-dans-un-magnifique-dojang\\\/#primaryimage\"},\"image\":{\"@id\":\"https:\\\/\\\/koryo.club\\\/fr\\\/koryo-taekwondo-club-ornex-cours-pour-enfants-dans-un-magnifique-dojang\\\/#primaryimage\"},\"thumbnailUrl\":\"https:\\\/\\\/koryo.club\\\/wp-content\\\/uploads\\\/2022\\\/09\\\/New-white-koryo-logo-1.png\",\"datePublished\":\"2025-04-27T13:10:36+00:00\",\"dateModified\":\"2026-04-15T12:44:12+00:00\",\"description\":\"Rejoignez le Koryo Taekwondo Club \u00e0 Ornex ! Cours pour enfants de 4 \u00e0 15 ans au Gymnase de la Charbonni\u00e8re. Entra\u00eenements dynamiques tous les vendredis et samedis.\",\"breadcrumb\":{\"@id\":\"https:\\\/\\\/koryo.club\\\/fr\\\/koryo-taekwondo-club-ornex-cours-pour-enfants-dans-un-magnifique-dojang\\\/#breadcrumb\"},\"inLanguage\":\"fr-FR\",\"potentialAction\":[{\"@type\":\"ReadAction\",\"target\":[\"https:\\\/\\\/koryo.club\\\/fr\\\/koryo-taekwondo-club-ornex-cours-pour-enfants-dans-un-magnifique-dojang\\\/\"]}]},{\"@type\":\"ImageObject\",\"inLanguage\":\"fr-FR\",\"@id\":\"https:\\\/\\\/koryo.club\\\/fr\\\/koryo-taekwondo-club-ornex-cours-pour-enfants-dans-un-magnifique-dojang\\\/#primaryimage\",\"url\":\"https:\\\/\\\/koryo.club\\\/wp-content\\\/uploads\\\/2022\\\/09\\\/New-white-koryo-logo-1.png\",\"contentUrl\":\"https:\\\/\\\/koryo.club\\\/wp-content\\\/uploads\\\/2022\\\/09\\\/New-white-koryo-logo-1.png\"},{\"@type\":\"BreadcrumbList\",\"@id\":\"https:\\\/\\\/koryo.club\\\/fr\\\/koryo-taekwondo-club-ornex-cours-pour-enfants-dans-un-magnifique-dojang\\\/#breadcrumb\",\"itemListElement\":[{\"@type\":\"ListItem\",\"position\":1,\"name\":\"Home\",\"item\":\"https:\\\/\\\/koryo.club\\\/fr\\\/\"},{\"@type\":\"ListItem\",\"position\":2,\"name\":\"Koryo Taekwondo Club Ornex \u2013 Cours pour Enfants dans un Magnifique Dojang\"}]},{\"@type\":\"WebSite\",\"@id\":\"https:\\\/\\\/koryo-7620b8.ingress-florina.easywp.com\\\/#website\",\"url\":\"https:\\\/\\\/koryo-7620b8.ingress-florina.easywp.com\\\/\",\"name\":\"Koryo Taekwondo Club\",\"description\":\"Cours de Taekwondo pour tous\",\"publisher\":{\"@id\":\"https:\\\/\\\/koryo-7620b8.ingress-florina.easywp.com\\\/#organization\"},\"potentialAction\":[{\"@type\":\"SearchAction\",\"target\":{\"@type\":\"EntryPoint\",\"urlTemplate\":\"https:\\\/\\\/koryo-7620b8.ingress-florina.easywp.com\\\/?s={search_term_string}\"},\"query-input\":{\"@type\":\"PropertyValueSpecification\",\"valueRequired\":true,\"valueName\":\"search_term_string\"}}],\"inLanguage\":\"fr-FR\"},{\"@type\":\"Organization\",\"@id\":\"https:\\\/\\\/koryo-7620b8.ingress-florina.easywp.com\\\/#organization\",\"name\":\"koryo club\",\"url\":\"https:\\\/\\\/koryo-7620b8.ingress-florina.easywp.com\\\/\",\"logo\":{\"@type\":\"ImageObject\",\"inLanguage\":\"fr-FR\",\"@id\":\"https:\\\/\\\/koryo-7620b8.ingress-florina.easywp.com\\\/#\\\/schema\\\/logo\\\/image\\\/\",\"url\":\"\",\"contentUrl\":\"\",\"caption\":\"koryo club\"},\"image\":{\"@id\":\"https:\\\/\\\/koryo-7620b8.ingress-florina.easywp.com\\\/#\\\/schema\\\/logo\\\/image\\\/\"}}]}<\/script>\n<!-- \/ Yoast SEO Premium plugin. -->","yoast_head_json":{"title":"Taekwondo Ornex | Cours de Taekwondo pour Enfants \u2013 Koryo Taekwondo Club","description":"Rejoignez le Koryo Taekwondo Club \u00e0 Ornex ! Cours pour enfants de 4 \u00e0 15 ans au Gymnase de la Charbonni\u00e8re. Entra\u00eenements dynamiques tous les vendredis et samedis.","robots":{"index":"noindex","follow":"follow","max-snippet":"max-snippet:-1","max-image-preview":"max-image-preview:large","max-video-preview":"max-video-preview:-1"},"og_locale":"fr_FR","og_type":"article","og_title":"Koryo Taekwondo Club Ornex \u2013 Cours pour Enfants dans un Magnifique Dojang","og_description":"Rejoignez le Koryo Taekwondo Club \u00e0 Ornex ! Cours pour enfants de 4 \u00e0 15 ans au Gymnase de la Charbonni\u00e8re. Entra\u00eenements dynamiques tous les vendredis et samedis.","og_url":"https:\/\/koryo.club\/fr\/koryo-taekwondo-club-ornex-cours-pour-enfants-dans-un-magnifique-dojang\/","og_site_name":"Koryo Taekwondo Club","article_modified_time":"2026-04-15T12:44:12+00:00","og_image":[{"width":1600,"height":1200,"url":"https:\/\/koryo.club\/wp-content\/uploads\/2026\/04\/taekwondo-ornex.webp","type":"image\/webp"}],"twitter_card":"summary_large_image","twitter_misc":{"Dur\u00e9e de lecture estim\u00e9e":"2 minutes"},"schema":{"@context":"https:\/\/schema.org","@graph":[{"@type":"WebPage","@id":"https:\/\/koryo.club\/fr\/koryo-taekwondo-club-ornex-cours-pour-enfants-dans-un-magnifique-dojang\/","url":"https:\/\/koryo.club\/fr\/koryo-taekwondo-club-ornex-cours-pour-enfants-dans-un-magnifique-dojang\/","name":"Taekwondo Ornex | Cours de Taekwondo pour Enfants \u2013 Koryo Taekwondo Club","isPartOf":{"@id":"https:\/\/koryo-7620b8.ingress-florina.easywp.com\/#website"},"primaryImageOfPage":{"@id":"https:\/\/koryo.club\/fr\/koryo-taekwondo-club-ornex-cours-pour-enfants-dans-un-magnifique-dojang\/#primaryimage"},"image":{"@id":"https:\/\/koryo.club\/fr\/koryo-taekwondo-club-ornex-cours-pour-enfants-dans-un-magnifique-dojang\/#primaryimage"},"thumbnailUrl":"https:\/\/koryo.club\/wp-content\/uploads\/2022\/09\/New-white-koryo-logo-1.png","datePublished":"2025-04-27T13:10:36+00:00","dateModified":"2026-04-15T12:44:12+00:00","description":"Rejoignez le Koryo Taekwondo Club \u00e0 Ornex ! Cours pour enfants de 4 \u00e0 15 ans au Gymnase de la Charbonni\u00e8re. Entra\u00eenements dynamiques tous les vendredis et samedis.","breadcrumb":{"@id":"https:\/\/koryo.club\/fr\/koryo-taekwondo-club-ornex-cours-pour-enfants-dans-un-magnifique-dojang\/#breadcrumb"},"inLanguage":"fr-FR","potentialAction":[{"@type":"ReadAction","target":["https:\/\/koryo.club\/fr\/koryo-taekwondo-club-ornex-cours-pour-enfants-dans-un-magnifique-dojang\/"]}]},{"@type":"ImageObject","inLanguage":"fr-FR","@id":"https:\/\/koryo.club\/fr\/koryo-taekwondo-club-ornex-cours-pour-enfants-dans-un-magnifique-dojang\/#primaryimage","url":"https:\/\/koryo.club\/wp-content\/uploads\/2022\/09\/New-white-koryo-logo-1.png","contentUrl":"https:\/\/koryo.club\/wp-content\/uploads\/2022\/09\/New-white-koryo-logo-1.png"},{"@type":"BreadcrumbList","@id":"https:\/\/koryo.club\/fr\/koryo-taekwondo-club-ornex-cours-pour-enfants-dans-un-magnifique-dojang\/#breadcrumb","itemListElement":[{"@type":"ListItem","position":1,"name":"Home","item":"https:\/\/koryo.club\/fr\/"},{"@type":"ListItem","position":2,"name":"Koryo Taekwondo Club Ornex \u2013 Cours pour Enfants dans un Magnifique Dojang"}]},{"@type":"WebSite","@id":"https:\/\/koryo-7620b8.ingress-florina.easywp.com\/#website","url":"https:\/\/koryo-7620b8.ingress-florina.easywp.com\/","name":"Koryo Taekwondo Club","description":"Cours de Taekwondo pour tous","publisher":{"@id":"https:\/\/koryo-7620b8.ingress-florina.easywp.com\/#organization"},"potentialAction":[{"@type":"SearchAction","target":{"@type":"EntryPoint","urlTemplate":"https:\/\/koryo-7620b8.ingress-florina.easywp.com\/?s={search_term_string}"},"query-input":{"@type":"PropertyValueSpecification","valueRequired":true,"valueName":"search_term_string"}}],"inLanguage":"fr-FR"},{"@type":"Organization","@id":"https:\/\/koryo-7620b8.ingress-florina.easywp.com\/#organization","name":"koryo club","url":"https:\/\/koryo-7620b8.ingress-florina.easywp.com\/","logo":{"@type":"ImageObject","inLanguage":"fr-FR","@id":"https:\/\/koryo-7620b8.ingress-florina.easywp.com\/#\/schema\/logo\/image\/","url":"","contentUrl":"","caption":"koryo club"},"image":{"@id":"https:\/\/koryo-7620b8.ingress-florina.easywp.com\/#\/schema\/logo\/image\/"}}]}},"_links":{"self":[{"href":"https:\/\/koryo.club\/fr\/wp-json\/wp\/v2\/pages\/10103","targetHints":{"allow":["GET"]}}],"collection":[{"href":"https:\/\/koryo.club\/fr\/wp-json\/wp\/v2\/pages"}],"about":[{"href":"https:\/\/koryo.club\/fr\/wp-json\/wp\/v2\/types\/page"}],"author":[{"embeddable":true,"href":"https:\/\/koryo.club\/fr\/wp-json\/wp\/v2\/users\/2"}],"replies":[{"embeddable":true,"href":"https:\/\/koryo.club\/fr\/wp-json\/wp\/v2\/comments?post=10103"}],"version-history":[{"count":0,"href":"https:\/\/koryo.club\/fr\/wp-json\/wp\/v2\/pages\/10103\/revisions"}],"wp:attachment":[{"href":"https:\/\/koryo.club\/fr\/wp-json\/wp\/v2\/media?parent=10103"}],"curies":[{"name":"wp","href":"https:\/\/api.w.org\/{rel}","templated":true}]}}