{"id":8771,"date":"2022-10-11T10:44:09","date_gmt":"2022-10-11T10:44:09","guid":{"rendered":"https:\/\/koryo.club\/maitre-hamed-konarivand\/"},"modified":"2023-05-16T11:07:36","modified_gmt":"2023-05-16T11:07:36","slug":"maitre-hamed-konarivand","status":"publish","type":"page","link":"https:\/\/koryo.club\/fr\/maitre-hamed-konarivand\/","title":{"rendered":"ma\u00eetre hamed konarivand"},"content":{"rendered":"<p>[elementor-template id=\u00a0\u00bb6227&Prime;]<\/p>\n<h2>Ma\u00eetre Hamed Konarivand<\/h2>\n<p>Ma\u00eetre Hamed Konarivand est n\u00e9 en 1987 \u00e0 Ilam, en Iran, dans une famille kurde.<br \/>\nIl a eu la chance d&rsquo;\u00eatre \u00e9lev\u00e9 dans un environnement o\u00f9 l&rsquo;athl\u00e9tisme \u00e9tait tenu en haute estime, il \u00e9tait donc naturel pour lui d&rsquo;explorer le sport d\u00e8s son plus jeune \u00e2ge avec les encouragements de sa famille. Avec un peu de chance, il d\u00e9couvre le taekwondo \u00e0 seulement six ans. Il s&rsquo;est mis au sport comme un poisson dans l&rsquo;eau, ce qui est devenu une grande partie de sa vie bien \u00e9quilibr\u00e9e. \u00c0 huit ans, il avait remport\u00e9 son premier championnat ; \u00e0 neuf ans, il a re\u00e7u sa ceinture noire.<br \/>\nIl a remport\u00e9 de nombreuses m\u00e9dailles nationales et internationales en tant qu&rsquo;entra\u00eeneur et athl\u00e8te au cours des 30 derni\u00e8res ann\u00e9es. Aujourd&rsquo;hui, il est ceinture noire Dan 5 et enseigne le Taekwondo aux membres du Koryo Taekwondo Club en Suisse et en France.<\/p>\n<h2>R\u00c9ALISATIONS NATIONALES<\/h2>\n<p>\u2022 1995-National Championships of Iran: Under age 8 (Silver Medal).<\/p>\n<p>\u2022 2000-National Championships of Iran: Under age 12 (Silver Medal).<\/p>\n<p>\u2022 2001-National Championships of Iran: Junior Category-Under 14 (Silver Medal).<\/p>\n<p>\u2022 2003-National Championships of Iran: Junior Category-under age 17 (Gold Medal).<\/p>\n<p>\u2022 2008-second sports Olympiad: Senior category-under 21 (bronze medal).<\/p>\n<p>\u2022 2007-Iranian Military Tournament (Bronze Medal).<\/p>\n<p>\u2022 2009-Iran National Championships: Adult Category (Silver Medal).<\/p>\n<p>\u2022 2006-league <a href=\"https:\/\/en.wikipedia.org\/wiki\/Iran\">Iran<\/a> first division (by Saipa team) (gold medal).<\/p>\n<p>\u2022 2007-league, Iran first division (by Azad University team) (gold medal).<\/p>\n<p>\u2022 2008- Premier League of Iran (by the Azad University team) (gold medal).<\/p>\n<p>\u2022 2009- Iran Premier League (by the team of Azad University) (gold medal).<\/p>\n<h2>R\u00c9ALISATIONS INTERNATIONALES<\/h2>\n<p>\u2022 2007- First <a href=\"https:\/\/en.wikipedia.org\/wiki\/AFC_Champions_League\">Asian Club<\/a> Championships (bronze medal).<\/p>\n<p>\u2022 2008- 20th International Fajr Championships (bronze medal).<\/p>\n<p>\u2022 2009- participated in the 21st International Fajr Championships.<\/p>\n<p>\u2022 2007- Serbia open (bronze medal).<\/p>\n<p>\u2022 2008- British open (gold medal).<\/p>\n<p>\u2022 2010- Indian Open (Gold Medal).<\/p>\n<h2>ENCADREMENT<\/h2>\n<p>\u2022 2018-hold taekwondo seminars in Lausanne.<\/p>\n<p>\u2022 2018-hold taekwondo seminars in different companies in Switzerland.<\/p>\n<p>\u2022 2018- Swiss championship (2gold medals).<\/p>\n<p>\u2022 2018- <a href=\"https:\/\/en.wikipedia.org\/wiki\/Schaffhausen\">Schaffhausen<\/a> Open championship (1Gold Medal-1 silver medal).<\/p>\n<p>\u20222019- Luxembourg open G1 2019- Greece open G1.<\/p>\n<p>\u2022 2019- German open G2 (1Gold Medal-1 silver medal).<\/p>\n<p>\u2022 2019- Lebanon open G1.<\/p>\n<h2>REMARKABLE<\/h2>\n<p>\u2022 2005-2011 PARTICIPATES IN THE FIRST LEAGUE OF IRAN.<\/p>\n<p>\u2022 2005-2010 MEMBER OF THE IRANIAN NATIONAL TEAM.<\/p>\n<p>\u2022 WT BIACK BELT, Dan 5 (WORLD TAEKWONDO FEDERATION).<\/p>\n<p>\u2022 2008-BEST PLAYER IN BRITISH OPEN.<\/p>\n<p>\u2022 CAPTAIN OF THE IRANIAN JUNIOR TEAM.<\/p>\n<h2>VOLUNTEER<\/h2>\n<p>\u2022 Organize taekwondo classes for deaf athletes in the Deaf Federation of Iran.<\/p>\n<p>\u2022 Volunteer Taekwondo Assistant Coach in two Schools in the summer holiday.<\/p>\n<h2>EDUCATION<\/h2>\n<p>\u2022 Doctorat. en g\u00e9nie chimique.<\/p>\n<h2>WIKIPEDIA<\/h2>\n<p><a href=\"https:\/\/fr.wikipedia.org\/wiki\/Hamed_Konarivand\">https:\/\/fr.wikipedia.org\/wiki\/Hamed_Konarivand<\/a><\/p>\n<p><iframe loading=\"lazy\" title=\"How to do the best Taekwondo presentation in English?\" width=\"1200\" height=\"675\" src=\"https:\/\/www.youtube.com\/embed\/WtpO6N0_0oA?feature=oembed\" frameborder=\"0\" allow=\"accelerometer; autoplay; clipboard-write; encrypted-media; gyroscope; picture-in-picture; web-share\" referrerpolicy=\"strict-origin-when-cross-origin\" allowfullscreen><\/iframe><\/p>\n<figure><a href=\"https:\/\/koryo.club\/fr\/\"><img decoding=\"async\" width=\"639\" height=\"311\" src=\"https:\/\/koryo.club\/wp-content\/uploads\/2022\/09\/New-white-koryo-logo-1.png\" alt=\"\" style=\"width:100%;height:48.67%;max-width:639px\"><\/a><\/figure>\n<p>Koryo Taekwondo Club est l\u2019\u00e9cole d\u2019arts martiaux #1 \u00e0 Gex, Gland, Versoix, Champel et Gen\u00e8ve. Cours de taekwondo pour les 3 \u00e0 100 \u00e2ges. Programmes apr\u00e8s l&rsquo;\u00e9cole, Sparring, Poomsae, &#8230;<\/p>\n<p><a href=\"https:\/\/twitter.com\/club_koryo\" target=\"_blank\" rel=\"noopener\"><br \/>\nTwitter<br \/>\n<\/a><br \/>\n<a href=\"https:\/\/www.facebook.com\/koryo.clubb\/\" target=\"_blank\" rel=\"noopener\"><br \/>\nFacebook-f<br \/>\n<\/a><br \/>\n<a target=\"_blank\" rel=\"noopener\"><br \/>\nYoutube<br \/>\n<\/a><br \/>\n<a href=\"https:\/\/www.instagram.com\/koryo.club\/\" target=\"_blank\" rel=\"noopener\"><br \/>\nInstagram<br \/>\n<\/a><\/p>\n<h2>Emplacements<\/h2>\n<ul>\n<li>\n\t\t\t\t\t\t\t\t\t\tChampel<\/li>\n<li>\n\t\t\t\t\t\t\t\t\t\tVersoix<\/li>\n<li>\n\t\t\t\t\t\t\t\t\t\tPay de Gex<\/li>\n<li>\n\t\t\t\t\t\t\t\t\t\tGland<\/li>\n<li>\n\t\t\t\t\t\t\t\t\t\tGen\u00e8ve<\/li>\n<\/ul>\n<h2>Les cours<\/h2>\n<ul>\n<li>\n\t\t\t\t\t\t\t\t\t\tJunior<\/li>\n<li>\n\t\t\t\t\t\t\t\t\t\tSenior<\/li>\n<li>\n\t\t\t\t\t\t\t\t\t\tpriv\u00e9e<\/li>\n<li>\n\t\t\t\t\t\t\t\t\t\tAdultes<\/li>\n<li>\n\t\t\t\t\t\t\t\t\t\tChamps<\/li>\n<\/ul>\n<h2>Downloads<\/h2>\n<ul>\n<li>\n\t\t\t\t\t\t\t\t\t\tShop<\/li>\n<li>\n\t\t\t\t\t\t\t\t\t\tEssai gratuit<\/li>\n<li>\n\t\t\t\t\t\t\t\t\t\tCertificat de ceinture<\/li>\n<li>\n\t\t\t\t\t\t\t\t\t\t\u00c0 propos de nous<\/li>\n<li>\n\t\t\t\t\t\t\t\t\t\tContactez-Nous<\/li>\n<\/ul>\n<h3>\u00a9 All rights reserved<\/h3>\n<h3>Made with \u2764 by Koryo Club<\/h3>\n","protected":false},"excerpt":{"rendered":"<p>[elementor-template id=\u00a0\u00bb6227&Prime;] Ma\u00eetre Hamed Konarivand Ma\u00eetre Hamed Konarivand est n\u00e9 en 1987 \u00e0 Ilam, en Iran, dans une famille kurde. Il a eu la chance d&rsquo;\u00eatre \u00e9lev\u00e9 dans un environnement o\u00f9 l&rsquo;athl\u00e9tisme \u00e9tait tenu en haute estime, il \u00e9tait donc naturel pour lui d&rsquo;explorer le sport d\u00e8s son plus jeune \u00e2ge avec les encouragements de &#8230; <a title=\"ma\u00eetre hamed konarivand\" class=\"read-more\" href=\"https:\/\/koryo.club\/fr\/maitre-hamed-konarivand\/\" aria-label=\"En savoir plus sur ma\u00eetre hamed konarivand\">Lire la suite<\/a><\/p>\n","protected":false},"author":2,"featured_media":0,"parent":0,"menu_order":0,"comment_status":"closed","ping_status":"closed","template":"","meta":{"footnotes":""},"class_list":["post-8771","page","type-page","status-publish"],"yoast_head":"<!-- This site is optimized with the Yoast SEO Premium plugin v26.6 (Yoast SEO v27.3) - https:\/\/yoast.com\/product\/yoast-seo-premium-wordpress\/ -->\n<title>ma\u00eetre hamed konarivand | Koryo Taekwondo Club \ud83c\udfc5<\/title>\n<meta name=\"description\" content=\"Ma\u00eetre Hamed Konarivand est n\u00e9 en 1987 en Iran dans une famille kurde. Il a remport\u00e9 de nombreuses m\u00e9dailles nationales et internationales en tant qu&#039;entra\u00eeneur et athl\u00e8te au cours des 30 derni\u00e8res ann\u00e9es.\" \/>\n<meta name=\"robots\" content=\"index, follow, max-snippet:-1, max-image-preview:large, max-video-preview:-1\" \/>\n<link rel=\"canonical\" href=\"https:\/\/koryo.club\/fr\/maitre-hamed-konarivand\/\" \/>\n<meta property=\"og:locale\" content=\"fr_FR\" \/>\n<meta property=\"og:type\" content=\"article\" \/>\n<meta property=\"og:title\" content=\"ma\u00eetre hamed konarivand\" \/>\n<meta property=\"og:description\" content=\"Ma\u00eetre Hamed Konarivand est n\u00e9 en 1987 en Iran dans une famille kurde. Il a remport\u00e9 de nombreuses m\u00e9dailles nationales et internationales en tant qu&#039;entra\u00eeneur et athl\u00e8te au cours des 30 derni\u00e8res ann\u00e9es.\" \/>\n<meta property=\"og:url\" content=\"https:\/\/koryo.club\/fr\/maitre-hamed-konarivand\/\" \/>\n<meta property=\"og:site_name\" content=\"Koryo Taekwondo Club\" \/>\n<meta property=\"article:modified_time\" content=\"2023-05-16T11:07:36+00:00\" \/>\n<meta property=\"og:image\" content=\"https:\/\/koryo.club\/wp-content\/uploads\/2021\/05\/Master-hamed-konarivand-e1620007110975.jpeg\" \/>\n\t<meta property=\"og:image:width\" content=\"436\" \/>\n\t<meta property=\"og:image:height\" content=\"436\" \/>\n\t<meta property=\"og:image:type\" content=\"image\/jpeg\" \/>\n<meta name=\"twitter:card\" content=\"summary_large_image\" \/>\n<meta name=\"twitter:label1\" content=\"Dur\u00e9e de lecture estim\u00e9e\" \/>\n\t<meta name=\"twitter:data1\" content=\"3 minutes\" \/>\n<script type=\"application\/ld+json\" class=\"yoast-schema-graph\">{\"@context\":\"https:\\\/\\\/schema.org\",\"@graph\":[{\"@type\":\"WebPage\",\"@id\":\"https:\\\/\\\/koryo.club\\\/fr\\\/maitre-hamed-konarivand\\\/\",\"url\":\"https:\\\/\\\/koryo.club\\\/fr\\\/maitre-hamed-konarivand\\\/\",\"name\":\"ma\u00eetre hamed konarivand | Koryo Taekwondo Club \ud83c\udfc5\",\"isPartOf\":{\"@id\":\"https:\\\/\\\/koryo.club\\\/fr\\\/#website\"},\"primaryImageOfPage\":{\"@id\":\"https:\\\/\\\/koryo.club\\\/fr\\\/maitre-hamed-konarivand\\\/#primaryimage\"},\"image\":{\"@id\":\"https:\\\/\\\/koryo.club\\\/fr\\\/maitre-hamed-konarivand\\\/#primaryimage\"},\"thumbnailUrl\":\"https:\\\/\\\/koryo.club\\\/wp-content\\\/uploads\\\/2022\\\/09\\\/New-white-koryo-logo-1.png\",\"datePublished\":\"2022-10-11T10:44:09+00:00\",\"dateModified\":\"2023-05-16T11:07:36+00:00\",\"description\":\"Ma\u00eetre Hamed Konarivand est n\u00e9 en 1987 en Iran dans une famille kurde. Il a remport\u00e9 de nombreuses m\u00e9dailles nationales et internationales en tant qu'entra\u00eeneur et athl\u00e8te au cours des 30 derni\u00e8res ann\u00e9es.\",\"breadcrumb\":{\"@id\":\"https:\\\/\\\/koryo.club\\\/fr\\\/maitre-hamed-konarivand\\\/#breadcrumb\"},\"inLanguage\":\"fr-FR\",\"potentialAction\":[{\"@type\":\"ReadAction\",\"target\":[\"https:\\\/\\\/koryo.club\\\/fr\\\/maitre-hamed-konarivand\\\/\"]}]},{\"@type\":\"ImageObject\",\"inLanguage\":\"fr-FR\",\"@id\":\"https:\\\/\\\/koryo.club\\\/fr\\\/maitre-hamed-konarivand\\\/#primaryimage\",\"url\":\"https:\\\/\\\/koryo.club\\\/wp-content\\\/uploads\\\/2022\\\/09\\\/New-white-koryo-logo-1.png\",\"contentUrl\":\"https:\\\/\\\/koryo.club\\\/wp-content\\\/uploads\\\/2022\\\/09\\\/New-white-koryo-logo-1.png\"},{\"@type\":\"BreadcrumbList\",\"@id\":\"https:\\\/\\\/koryo.club\\\/fr\\\/maitre-hamed-konarivand\\\/#breadcrumb\",\"itemListElement\":[{\"@type\":\"ListItem\",\"position\":1,\"name\":\"Home\",\"item\":\"https:\\\/\\\/koryo.club\\\/fr\\\/\"},{\"@type\":\"ListItem\",\"position\":2,\"name\":\"ma\u00eetre hamed konarivand\"}]},{\"@type\":\"WebSite\",\"@id\":\"https:\\\/\\\/koryo.club\\\/fr\\\/#website\",\"url\":\"https:\\\/\\\/koryo.club\\\/fr\\\/\",\"name\":\"Koryo Taekwondo Club\",\"description\":\"Cours de Taekwondo pour tous\",\"publisher\":{\"@id\":\"https:\\\/\\\/koryo.club\\\/fr\\\/#organization\"},\"potentialAction\":[{\"@type\":\"SearchAction\",\"target\":{\"@type\":\"EntryPoint\",\"urlTemplate\":\"https:\\\/\\\/koryo.club\\\/fr\\\/?s={search_term_string}\"},\"query-input\":{\"@type\":\"PropertyValueSpecification\",\"valueRequired\":true,\"valueName\":\"search_term_string\"}}],\"inLanguage\":\"fr-FR\"},{\"@type\":\"Organization\",\"@id\":\"https:\\\/\\\/koryo.club\\\/fr\\\/#organization\",\"name\":\"koryo club\",\"url\":\"https:\\\/\\\/koryo.club\\\/fr\\\/\",\"logo\":{\"@type\":\"ImageObject\",\"inLanguage\":\"fr-FR\",\"@id\":\"https:\\\/\\\/koryo.club\\\/fr\\\/#\\\/schema\\\/logo\\\/image\\\/\",\"url\":\"\",\"contentUrl\":\"\",\"caption\":\"koryo club\"},\"image\":{\"@id\":\"https:\\\/\\\/koryo.club\\\/fr\\\/#\\\/schema\\\/logo\\\/image\\\/\"}}]}<\/script>\n<!-- \/ Yoast SEO Premium plugin. -->","yoast_head_json":{"title":"ma\u00eetre hamed konarivand | Koryo Taekwondo Club \ud83c\udfc5","description":"Ma\u00eetre Hamed Konarivand est n\u00e9 en 1987 en Iran dans une famille kurde. Il a remport\u00e9 de nombreuses m\u00e9dailles nationales et internationales en tant qu'entra\u00eeneur et athl\u00e8te au cours des 30 derni\u00e8res ann\u00e9es.","robots":{"index":"index","follow":"follow","max-snippet":"max-snippet:-1","max-image-preview":"max-image-preview:large","max-video-preview":"max-video-preview:-1"},"canonical":"https:\/\/koryo.club\/fr\/maitre-hamed-konarivand\/","og_locale":"fr_FR","og_type":"article","og_title":"ma\u00eetre hamed konarivand","og_description":"Ma\u00eetre Hamed Konarivand est n\u00e9 en 1987 en Iran dans une famille kurde. Il a remport\u00e9 de nombreuses m\u00e9dailles nationales et internationales en tant qu'entra\u00eeneur et athl\u00e8te au cours des 30 derni\u00e8res ann\u00e9es.","og_url":"https:\/\/koryo.club\/fr\/maitre-hamed-konarivand\/","og_site_name":"Koryo Taekwondo Club","article_modified_time":"2023-05-16T11:07:36+00:00","og_image":[{"width":436,"height":436,"url":"https:\/\/koryo.club\/wp-content\/uploads\/2021\/05\/Master-hamed-konarivand-e1620007110975.jpeg","type":"image\/jpeg"}],"twitter_card":"summary_large_image","twitter_misc":{"Dur\u00e9e de lecture estim\u00e9e":"3 minutes"},"schema":{"@context":"https:\/\/schema.org","@graph":[{"@type":"WebPage","@id":"https:\/\/koryo.club\/fr\/maitre-hamed-konarivand\/","url":"https:\/\/koryo.club\/fr\/maitre-hamed-konarivand\/","name":"ma\u00eetre hamed konarivand | Koryo Taekwondo Club \ud83c\udfc5","isPartOf":{"@id":"https:\/\/koryo.club\/fr\/#website"},"primaryImageOfPage":{"@id":"https:\/\/koryo.club\/fr\/maitre-hamed-konarivand\/#primaryimage"},"image":{"@id":"https:\/\/koryo.club\/fr\/maitre-hamed-konarivand\/#primaryimage"},"thumbnailUrl":"https:\/\/koryo.club\/wp-content\/uploads\/2022\/09\/New-white-koryo-logo-1.png","datePublished":"2022-10-11T10:44:09+00:00","dateModified":"2023-05-16T11:07:36+00:00","description":"Ma\u00eetre Hamed Konarivand est n\u00e9 en 1987 en Iran dans une famille kurde. Il a remport\u00e9 de nombreuses m\u00e9dailles nationales et internationales en tant qu'entra\u00eeneur et athl\u00e8te au cours des 30 derni\u00e8res ann\u00e9es.","breadcrumb":{"@id":"https:\/\/koryo.club\/fr\/maitre-hamed-konarivand\/#breadcrumb"},"inLanguage":"fr-FR","potentialAction":[{"@type":"ReadAction","target":["https:\/\/koryo.club\/fr\/maitre-hamed-konarivand\/"]}]},{"@type":"ImageObject","inLanguage":"fr-FR","@id":"https:\/\/koryo.club\/fr\/maitre-hamed-konarivand\/#primaryimage","url":"https:\/\/koryo.club\/wp-content\/uploads\/2022\/09\/New-white-koryo-logo-1.png","contentUrl":"https:\/\/koryo.club\/wp-content\/uploads\/2022\/09\/New-white-koryo-logo-1.png"},{"@type":"BreadcrumbList","@id":"https:\/\/koryo.club\/fr\/maitre-hamed-konarivand\/#breadcrumb","itemListElement":[{"@type":"ListItem","position":1,"name":"Home","item":"https:\/\/koryo.club\/fr\/"},{"@type":"ListItem","position":2,"name":"ma\u00eetre hamed konarivand"}]},{"@type":"WebSite","@id":"https:\/\/koryo.club\/fr\/#website","url":"https:\/\/koryo.club\/fr\/","name":"Koryo Taekwondo Club","description":"Cours de Taekwondo pour tous","publisher":{"@id":"https:\/\/koryo.club\/fr\/#organization"},"potentialAction":[{"@type":"SearchAction","target":{"@type":"EntryPoint","urlTemplate":"https:\/\/koryo.club\/fr\/?s={search_term_string}"},"query-input":{"@type":"PropertyValueSpecification","valueRequired":true,"valueName":"search_term_string"}}],"inLanguage":"fr-FR"},{"@type":"Organization","@id":"https:\/\/koryo.club\/fr\/#organization","name":"koryo club","url":"https:\/\/koryo.club\/fr\/","logo":{"@type":"ImageObject","inLanguage":"fr-FR","@id":"https:\/\/koryo.club\/fr\/#\/schema\/logo\/image\/","url":"","contentUrl":"","caption":"koryo club"},"image":{"@id":"https:\/\/koryo.club\/fr\/#\/schema\/logo\/image\/"}}]}},"_links":{"self":[{"href":"https:\/\/koryo.club\/fr\/wp-json\/wp\/v2\/pages\/8771","targetHints":{"allow":["GET"]}}],"collection":[{"href":"https:\/\/koryo.club\/fr\/wp-json\/wp\/v2\/pages"}],"about":[{"href":"https:\/\/koryo.club\/fr\/wp-json\/wp\/v2\/types\/page"}],"author":[{"embeddable":true,"href":"https:\/\/koryo.club\/fr\/wp-json\/wp\/v2\/users\/2"}],"replies":[{"embeddable":true,"href":"https:\/\/koryo.club\/fr\/wp-json\/wp\/v2\/comments?post=8771"}],"version-history":[{"count":0,"href":"https:\/\/koryo.club\/fr\/wp-json\/wp\/v2\/pages\/8771\/revisions"}],"wp:attachment":[{"href":"https:\/\/koryo.club\/fr\/wp-json\/wp\/v2\/media?parent=8771"}],"curies":[{"name":"wp","href":"https:\/\/api.w.org\/{rel}","templated":true}]}}