{"id":8803,"date":"2022-10-26T09:39:53","date_gmt":"2022-10-26T09:39:53","guid":{"rendered":"https:\/\/koryo.club\/certificat-de-ceinture\/"},"modified":"2023-05-16T09:46:00","modified_gmt":"2023-05-16T09:46:00","slug":"certificat-de-ceinture","status":"publish","type":"page","link":"https:\/\/koryo.club\/fr\/certificat-de-ceinture\/","title":{"rendered":"Certificat de ceinture"},"content":{"rendered":"<ul>\n<li>\n\t\t\t\t\t\t\t\t\t\t+41779792139\n\t\t\t\t\t\t\t\t\t<\/li>\n<li>\n\t\t\t\t\t\t\t\t\t\t+33 641393091\n\t\t\t\t\t\t\t\t\t<\/li>\n<li>\n\t\t\t\t\t\t\t\t\t\tinfo@koryo.club\n\t\t\t\t\t\t\t\t\t<\/li>\n<\/ul>\n<p>\t\t\t\t\t<a href=\"https:\/\/www.facebook.com\/koryo.clubb\/\" target=\"_blank\" rel=\"noopener\"><br \/>\n\t\t\t\t\t\tFacebook-f<br \/>\n\t\t\t\t\t\t\t\t\t\t\t<\/a><br \/>\n\t\t\t\t\t<a href=\"https:\/\/twitter.com\/club_koryo\" target=\"_blank\" rel=\"noopener\"><br \/>\n\t\t\t\t\t\tTwitter<br \/>\n\t\t\t\t\t\t\t\t\t\t\t<\/a><br \/>\n\t\t\t\t\t<a href=\"https:\/\/www.instagram.com\/koryo.club\/\" target=\"_blank\" rel=\"noopener\"><br \/>\n\t\t\t\t\t\tInstagram<br \/>\n\t\t\t\t\t\t\t\t\t\t\t<\/a><br \/>\n          [elementor-template id=\u00a0\u00bb6227&Prime;]<\/p>\n<h2>Certificat de ceinture<\/h2>\n<p class='gform_required_legend'>&quot;*&quot; indicates required fields<\/p>\n<form method='post' enctype='multipart\/form-data'  id='gform_5'  action='\/wp-json\/wpml\/tm\/v1\/ate\/jobs\/download' data-formid='5' >\n                        <label class='gfield_label gform-field-label' for='input_5_9' >First Name*<\/label><input name='input_9' id='input_5_9' type='text' value='' class='large'     aria-required=\"true\" aria-invalid=\"false\"   \/> <label class='gfield_label gform-field-label' for='input_5_10' >Last Name*<\/label><input name='input_10' id='input_5_10' type='text' value='' class='large'     aria-required=\"true\" aria-invalid=\"false\"   \/> <label class='gfield_label gform-field-label' for='input_5_2' >Birthday*<\/label><br \/>\n                            <input name='input_2' id='input_5_2' type='text' value='' class='datepicker gform-datepicker mdy datepicker_no_icon gdatepicker-no-icon'   placeholder='mm\/dd\/yyyy' aria-describedby=\"input_5_2_date_format\" aria-invalid=\"false\" aria-required=\"true\"\/><br \/>\n                            MM slash DD slash YYYY<br \/>\n                        <input type='hidden' id='gforms_calendar_icon_input_5_2' class='gform_hidden' value='https:\/\/koryo.club\/wp-content\/plugins\/gravityforms\/images\/datepicker\/datepicker.svg'\/><label class='gfield_label gform-field-label' for='input_5_6' >Location*<\/label><select name='input_6' id='input_5_6' class='large gfield_select'    aria-required=\"true\" aria-invalid=\"false\" ><option value='LGB' >LGB<\/option><option value='MJC' >MJC<\/option><option value='KORYO CLUB CHAMPEL' >KORYO CLUB CHAMPEL<\/option><option value='KORYO CLUB VICH' >KORYO CLUB VICH<\/option><option value='KORYO CLUB VERSOIX' >KORYO CLUB VERSOIX<\/option><option value='D\u00c9COUVERTE' >D\u00c9COUVERTE<\/option><\/select><label class='gfield_label gform-field-label' for='input_5_7' >Belt color*<\/label><select name='input_7' id='input_5_7' class='large gfield_select'    aria-required=\"true\" aria-invalid=\"false\" ><option value='9 th Gup ( white belt with yellow strip )' >9 th Gup ( white belt with yellow strip )<\/option><option value='8 th Gup ( yellow belt )' >8 th Gup ( yellow belt )<\/option><option value='7 th Gup ( yellow belt with green strip )' >7 th Gup ( yellow belt with green strip )<\/option><option value='6 th Gup ( green belt )' >6 th Gup ( green belt )<\/option><option value='5 th Gup ( green belt with blue strip )' >5 th Gup ( green belt with blue strip )<\/option><option value='4 th Gup ( blue belt )' >4 th Gup ( blue belt )<\/option><option value='3 th Gup ( blue belt with red strip )' >3 th Gup ( blue belt with red strip )<\/option><option value='2 th Gup ( red belt )' >2 th Gup ( red belt )<\/option><option value='1 th Gup ( red belt with black strip )' >1 th Gup ( red belt with black strip )<\/option><option value='1 th Dan ( black belt )' >1 th Dan ( black belt )<\/option><\/select><label class='gfield_label gform-field-label' for='input_5_8' >Email*<\/label><br \/>\n                            <input name='input_8' id='input_5_8' type='text' value='' class='large'    aria-required=\"true\" aria-invalid=\"false\"  \/><br \/>\n                        <label class='gfield_label gform-field-label' for='input_5_12' >Password*<\/label><input name='input_12' id='input_5_12' type='text'    value='' class='large'     aria-required=\"true\" aria-invalid=\"false\"  \/><br \/>\n         <input type='submit' id='gform_submit_button_5' class='gform_button button' value='Submit'  onclick='if(window[\"gf_submitting_5\"]){return false;}  window[\"gf_submitting_5\"]=true;  ' onkeypress='if( event.keyCode == 13 ){ if(window[\"gf_submitting_5\"]){return false;} window[\"gf_submitting_5\"]=true;  jQuery(\"#gform_5\").trigger(\"submit\",[true]); }' \/><br \/>\n            <input type='hidden' class='gform_hidden' name='is_submit_5' value='1' \/><br \/>\n            <input type='hidden' class='gform_hidden' name='gform_submit' value='5' \/><br \/>\n            <input type='hidden' class='gform_hidden' name='gform_unique_id' value='' \/><br \/>\n            <input type='hidden' class='gform_hidden' name='state_5' value='WyJbXSIsIjQ2NzFlZjNhMzA3OGYwM2IxMDEyOGJiNjFjZmVjMDlmIl0=' \/><br \/>\n            <input type='hidden' class='gform_hidden' name='gform_target_page_number_5' id='gform_target_page_number_5' value='0' \/><br \/>\n            <input type='hidden' class='gform_hidden' name='gform_source_page_number_5' id='gform_source_page_number_5' value='1' \/><br \/>\n            <input type='hidden' name='gform_field_values' value='' \/><\/p>\n<p style=\"display: none !important;\"><label>&#916;<textarea name=\"ak_hp_textarea\" cols=\"45\" rows=\"8\" maxlength=\"100\"><\/textarea><\/label><input type=\"hidden\" id=\"ak_js_1\" name=\"ak_js\" value=\"180\"\/><\/p>\n<\/form>\n<h2>Aussi&#8230;<\/h2>\n<p>Si vous avez pass\u00e9 le test de promotion et re\u00e7u votre ceinture,<br \/>vous pouvez demander le certificat de ceinture ici.<\/p>\n<p>Si nous v\u00e9rifions avec succ\u00e8s votre identit\u00e9, vous recevrez votre certificat de ceinture dans les plus brefs d\u00e9lais.<\/p>\n<p>Toutefois, si nous trouvons d&rsquo;autres probl\u00e8mes, nous vous en informerons.<\/p>\n<figure><a href=\"https:\/\/koryo.club\/fr\/\"><img decoding=\"async\" width=\"639\" height=\"311\" src=\"https:\/\/koryo.club\/wp-content\/uploads\/2022\/09\/New-white-koryo-logo-1.png\" alt=\"\" style=\"width:100%;height:48.67%;max-width:639px\" \/><\/a><\/figure>\n<p>\n            Koryo Taekwondo Club est l\u2019\u00e9cole d\u2019arts martiaux #1 \u00e0 Gex, Gland, Versoix, Champel et Gen\u00e8ve. Cours de taekwondo pour les 3 \u00e0 100 \u00e2ges. Programmes apr\u00e8s l&rsquo;\u00e9cole, Sparring, Poomsae, &#8230;\n          <\/p>\n<p>\t\t\t\t\t<a href=\"https:\/\/twitter.com\/club_koryo\" target=\"_blank\" rel=\"noopener\"><br \/>\n\t\t\t\t\t\tTwitter<br \/>\n\t\t\t\t\t\t\t\t\t\t\t<\/a><br \/>\n\t\t\t\t\t<a href=\"https:\/\/www.facebook.com\/koryo.clubb\/\" target=\"_blank\" rel=\"noopener\"><br \/>\n\t\t\t\t\t\tFacebook-f<br \/>\n\t\t\t\t\t\t\t\t\t\t\t<\/a><br \/>\n\t\t\t\t\t<a target=\"_blank\" rel=\"noopener\"><br \/>\n\t\t\t\t\t\tYoutube<br \/>\n\t\t\t\t\t\t\t\t\t\t\t<\/a><br \/>\n\t\t\t\t\t<a href=\"https:\/\/www.instagram.com\/koryo.club\/\" target=\"_blank\" rel=\"noopener\"><br \/>\n\t\t\t\t\t\tInstagram<br \/>\n\t\t\t\t\t\t\t\t\t\t\t<\/a><\/p>\n<h2>Emplacements<\/h2>\n<ul>\n<li>\n\t\t\t\t\t\t\t\t\t\tChampel\n\t\t\t\t\t\t\t\t\t<\/li>\n<li>\n\t\t\t\t\t\t\t\t\t\tVersoix\n\t\t\t\t\t\t\t\t\t<\/li>\n<li>\n\t\t\t\t\t\t\t\t\t\tPay de Gex\n\t\t\t\t\t\t\t\t\t<\/li>\n<li>\n\t\t\t\t\t\t\t\t\t\tGland\n\t\t\t\t\t\t\t\t\t<\/li>\n<li>\n\t\t\t\t\t\t\t\t\t\tGen\u00e8ve\n\t\t\t\t\t\t\t\t\t<\/li>\n<\/ul>\n<h2>Les cours <\/h2>\n<ul>\n<li>\n\t\t\t\t\t\t\t\t\t\tJunior\n\t\t\t\t\t\t\t\t\t<\/li>\n<li>\n\t\t\t\t\t\t\t\t\t\tSenior\n\t\t\t\t\t\t\t\t\t<\/li>\n<li>\n\t\t\t\t\t\t\t\t\t\tpriv\u00e9e\n\t\t\t\t\t\t\t\t\t<\/li>\n<li>\n\t\t\t\t\t\t\t\t\t\tAdultes\n\t\t\t\t\t\t\t\t\t<\/li>\n<li>\n\t\t\t\t\t\t\t\t\t\tChamps\n\t\t\t\t\t\t\t\t\t<\/li>\n<\/ul>\n<h2>Downloads<\/h2>\n<ul>\n<li>\n\t\t\t\t\t\t\t\t\t\tShop\n\t\t\t\t\t\t\t\t\t<\/li>\n<li>\n\t\t\t\t\t\t\t\t\t\tEssai gratuit\n\t\t\t\t\t\t\t\t\t<\/li>\n<li>\n\t\t\t\t\t\t\t\t\t\tCertificat de ceinture\n\t\t\t\t\t\t\t\t\t<\/li>\n<li>\n\t\t\t\t\t\t\t\t\t\t\u00c0 propos de nous\n\t\t\t\t\t\t\t\t\t<\/li>\n<li>\n\t\t\t\t\t\t\t\t\t\tContactez-Nous\n\t\t\t\t\t\t\t\t\t<\/li>\n<\/ul>\n<ul>\n<li>\n\t\t\t\t<a href=\"https:\/\/koryo.club\"><br \/>\n                                                        <img decoding=\"async\"\n            src=\"https:\/\/koryo.club\/wp-content\/plugins\/sitepress-multilingual-cms\/res\/flags\/en.svg\"\n            alt=\"English\"\n            width=18\n            height=12\n    \/><\/a>\n\t\t\t<\/li>\n<li>\n\t\t\t\t<a href=\"https:\/\/koryo.club\/fr\/\"><br \/>\n                                                        <img decoding=\"async\"\n            src=\"https:\/\/koryo.club\/wp-content\/plugins\/sitepress-multilingual-cms\/res\/flags\/fr.svg\"\n            alt=\"French\"\n            width=18\n            height=12\n    \/><\/a>\n\t\t\t<\/li>\n<\/ul>\n<h3>\u00a9 All rights reserved<\/h3>\n<h3>Made with \u2764 by Koryo Club<\/h3>\n","protected":false},"excerpt":{"rendered":"<p>+41779792139 +33 641393091 info@koryo.club Facebook-f Twitter Instagram [elementor-template id=\u00a0\u00bb6227&Prime;] Certificat de ceinture &quot;*&quot; indicates required fields First Name* Last Name* Birthday* MM slash DD slash YYYY Location*LGBMJCKORYO CLUB CHAMPELKORYO CLUB VICHKORYO CLUB VERSOIXD\u00c9COUVERTEBelt color*9 th Gup ( white belt with yellow strip )8 th Gup ( yellow belt )7 th Gup ( yellow belt with &#8230; <a title=\"Certificat de ceinture\" class=\"read-more\" href=\"https:\/\/koryo.club\/fr\/certificat-de-ceinture\/\" aria-label=\"En savoir plus sur Certificat de ceinture\">Lire la suite<\/a><\/p>\n","protected":false},"author":2,"featured_media":0,"parent":0,"menu_order":0,"comment_status":"closed","ping_status":"closed","template":"","meta":{"footnotes":""},"class_list":["post-8803","page","type-page","status-publish"],"yoast_head":"<!-- This site is optimized with the Yoast SEO Premium plugin v26.6 (Yoast SEO v27.3) - https:\/\/yoast.com\/product\/yoast-seo-premium-wordpress\/ -->\n<title>Certificat de ceinture - Koryo Taekwondo Club<\/title>\n<meta name=\"description\" content=\"Si vous avez pass\u00e9 le test de promotion et re\u00e7u votre ceinture, vous pouvez demander le certificat de ceinture ici.\" \/>\n<meta name=\"robots\" content=\"index, follow, max-snippet:-1, max-image-preview:large, max-video-preview:-1\" \/>\n<link rel=\"canonical\" href=\"https:\/\/koryo.club\/fr\/certificat-de-ceinture\/\" \/>\n<meta property=\"og:locale\" content=\"fr_FR\" \/>\n<meta property=\"og:type\" content=\"article\" \/>\n<meta property=\"og:title\" content=\"Certificat de ceinture\" \/>\n<meta property=\"og:description\" content=\"Si vous avez pass\u00e9 le test de promotion et re\u00e7u votre ceinture, vous pouvez demander le certificat de ceinture ici.\" \/>\n<meta property=\"og:url\" content=\"https:\/\/koryo.club\/fr\/certificat-de-ceinture\/\" \/>\n<meta property=\"og:site_name\" content=\"Koryo Taekwondo Club\" \/>\n<meta property=\"article:modified_time\" content=\"2023-05-16T09:46:00+00:00\" \/>\n<meta property=\"og:image\" content=\"https:\/\/koryo.club\/wp-content\/uploads\/2021\/06\/word-image-242.jpeg\" \/>\n\t<meta property=\"og:image:width\" content=\"760\" \/>\n\t<meta property=\"og:image:height\" content=\"365\" \/>\n\t<meta property=\"og:image:type\" content=\"image\/jpeg\" \/>\n<meta name=\"twitter:card\" content=\"summary_large_image\" \/>\n<meta name=\"twitter:label1\" content=\"Dur\u00e9e de lecture estim\u00e9e\" \/>\n\t<meta name=\"twitter:data1\" content=\"1 minute\" \/>\n<script type=\"application\/ld+json\" class=\"yoast-schema-graph\">{\"@context\":\"https:\\\/\\\/schema.org\",\"@graph\":[{\"@type\":\"WebPage\",\"@id\":\"https:\\\/\\\/koryo.club\\\/fr\\\/certificat-de-ceinture\\\/\",\"url\":\"https:\\\/\\\/koryo.club\\\/fr\\\/certificat-de-ceinture\\\/\",\"name\":\"Certificat de ceinture - Koryo Taekwondo Club\",\"isPartOf\":{\"@id\":\"https:\\\/\\\/koryo.club\\\/fr\\\/#website\"},\"primaryImageOfPage\":{\"@id\":\"https:\\\/\\\/koryo.club\\\/fr\\\/certificat-de-ceinture\\\/#primaryimage\"},\"image\":{\"@id\":\"https:\\\/\\\/koryo.club\\\/fr\\\/certificat-de-ceinture\\\/#primaryimage\"},\"thumbnailUrl\":\"https:\\\/\\\/koryo.club\\\/wp-content\\\/uploads\\\/2022\\\/09\\\/New-white-koryo-logo-1.png\",\"datePublished\":\"2022-10-26T09:39:53+00:00\",\"dateModified\":\"2023-05-16T09:46:00+00:00\",\"description\":\"Si vous avez pass\u00e9 le test de promotion et re\u00e7u votre ceinture, vous pouvez demander le certificat de ceinture ici.\",\"breadcrumb\":{\"@id\":\"https:\\\/\\\/koryo.club\\\/fr\\\/certificat-de-ceinture\\\/#breadcrumb\"},\"inLanguage\":\"fr-FR\",\"potentialAction\":[{\"@type\":\"ReadAction\",\"target\":[\"https:\\\/\\\/koryo.club\\\/fr\\\/certificat-de-ceinture\\\/\"]}]},{\"@type\":\"ImageObject\",\"inLanguage\":\"fr-FR\",\"@id\":\"https:\\\/\\\/koryo.club\\\/fr\\\/certificat-de-ceinture\\\/#primaryimage\",\"url\":\"https:\\\/\\\/koryo.club\\\/wp-content\\\/uploads\\\/2022\\\/09\\\/New-white-koryo-logo-1.png\",\"contentUrl\":\"https:\\\/\\\/koryo.club\\\/wp-content\\\/uploads\\\/2022\\\/09\\\/New-white-koryo-logo-1.png\"},{\"@type\":\"BreadcrumbList\",\"@id\":\"https:\\\/\\\/koryo.club\\\/fr\\\/certificat-de-ceinture\\\/#breadcrumb\",\"itemListElement\":[{\"@type\":\"ListItem\",\"position\":1,\"name\":\"Home\",\"item\":\"https:\\\/\\\/koryo.club\\\/fr\\\/\"},{\"@type\":\"ListItem\",\"position\":2,\"name\":\"Certificat de ceinture\"}]},{\"@type\":\"WebSite\",\"@id\":\"https:\\\/\\\/koryo.club\\\/fr\\\/#website\",\"url\":\"https:\\\/\\\/koryo.club\\\/fr\\\/\",\"name\":\"Koryo Taekwondo Club\",\"description\":\"Cours de Taekwondo pour tous\",\"publisher\":{\"@id\":\"https:\\\/\\\/koryo.club\\\/fr\\\/#organization\"},\"potentialAction\":[{\"@type\":\"SearchAction\",\"target\":{\"@type\":\"EntryPoint\",\"urlTemplate\":\"https:\\\/\\\/koryo.club\\\/fr\\\/?s={search_term_string}\"},\"query-input\":{\"@type\":\"PropertyValueSpecification\",\"valueRequired\":true,\"valueName\":\"search_term_string\"}}],\"inLanguage\":\"fr-FR\"},{\"@type\":\"Organization\",\"@id\":\"https:\\\/\\\/koryo.club\\\/fr\\\/#organization\",\"name\":\"koryo club\",\"url\":\"https:\\\/\\\/koryo.club\\\/fr\\\/\",\"logo\":{\"@type\":\"ImageObject\",\"inLanguage\":\"fr-FR\",\"@id\":\"https:\\\/\\\/koryo.club\\\/fr\\\/#\\\/schema\\\/logo\\\/image\\\/\",\"url\":\"\",\"contentUrl\":\"\",\"caption\":\"koryo club\"},\"image\":{\"@id\":\"https:\\\/\\\/koryo.club\\\/fr\\\/#\\\/schema\\\/logo\\\/image\\\/\"}}]}<\/script>\n<!-- \/ Yoast SEO Premium plugin. -->","yoast_head_json":{"title":"Certificat de ceinture - Koryo Taekwondo Club","description":"Si vous avez pass\u00e9 le test de promotion et re\u00e7u votre ceinture, vous pouvez demander le certificat de ceinture ici.","robots":{"index":"index","follow":"follow","max-snippet":"max-snippet:-1","max-image-preview":"max-image-preview:large","max-video-preview":"max-video-preview:-1"},"canonical":"https:\/\/koryo.club\/fr\/certificat-de-ceinture\/","og_locale":"fr_FR","og_type":"article","og_title":"Certificat de ceinture","og_description":"Si vous avez pass\u00e9 le test de promotion et re\u00e7u votre ceinture, vous pouvez demander le certificat de ceinture ici.","og_url":"https:\/\/koryo.club\/fr\/certificat-de-ceinture\/","og_site_name":"Koryo Taekwondo Club","article_modified_time":"2023-05-16T09:46:00+00:00","og_image":[{"width":760,"height":365,"url":"https:\/\/koryo.club\/wp-content\/uploads\/2021\/06\/word-image-242.jpeg","type":"image\/jpeg"}],"twitter_card":"summary_large_image","twitter_misc":{"Dur\u00e9e de lecture estim\u00e9e":"1 minute"},"schema":{"@context":"https:\/\/schema.org","@graph":[{"@type":"WebPage","@id":"https:\/\/koryo.club\/fr\/certificat-de-ceinture\/","url":"https:\/\/koryo.club\/fr\/certificat-de-ceinture\/","name":"Certificat de ceinture - Koryo Taekwondo Club","isPartOf":{"@id":"https:\/\/koryo.club\/fr\/#website"},"primaryImageOfPage":{"@id":"https:\/\/koryo.club\/fr\/certificat-de-ceinture\/#primaryimage"},"image":{"@id":"https:\/\/koryo.club\/fr\/certificat-de-ceinture\/#primaryimage"},"thumbnailUrl":"https:\/\/koryo.club\/wp-content\/uploads\/2022\/09\/New-white-koryo-logo-1.png","datePublished":"2022-10-26T09:39:53+00:00","dateModified":"2023-05-16T09:46:00+00:00","description":"Si vous avez pass\u00e9 le test de promotion et re\u00e7u votre ceinture, vous pouvez demander le certificat de ceinture ici.","breadcrumb":{"@id":"https:\/\/koryo.club\/fr\/certificat-de-ceinture\/#breadcrumb"},"inLanguage":"fr-FR","potentialAction":[{"@type":"ReadAction","target":["https:\/\/koryo.club\/fr\/certificat-de-ceinture\/"]}]},{"@type":"ImageObject","inLanguage":"fr-FR","@id":"https:\/\/koryo.club\/fr\/certificat-de-ceinture\/#primaryimage","url":"https:\/\/koryo.club\/wp-content\/uploads\/2022\/09\/New-white-koryo-logo-1.png","contentUrl":"https:\/\/koryo.club\/wp-content\/uploads\/2022\/09\/New-white-koryo-logo-1.png"},{"@type":"BreadcrumbList","@id":"https:\/\/koryo.club\/fr\/certificat-de-ceinture\/#breadcrumb","itemListElement":[{"@type":"ListItem","position":1,"name":"Home","item":"https:\/\/koryo.club\/fr\/"},{"@type":"ListItem","position":2,"name":"Certificat de ceinture"}]},{"@type":"WebSite","@id":"https:\/\/koryo.club\/fr\/#website","url":"https:\/\/koryo.club\/fr\/","name":"Koryo Taekwondo Club","description":"Cours de Taekwondo pour tous","publisher":{"@id":"https:\/\/koryo.club\/fr\/#organization"},"potentialAction":[{"@type":"SearchAction","target":{"@type":"EntryPoint","urlTemplate":"https:\/\/koryo.club\/fr\/?s={search_term_string}"},"query-input":{"@type":"PropertyValueSpecification","valueRequired":true,"valueName":"search_term_string"}}],"inLanguage":"fr-FR"},{"@type":"Organization","@id":"https:\/\/koryo.club\/fr\/#organization","name":"koryo club","url":"https:\/\/koryo.club\/fr\/","logo":{"@type":"ImageObject","inLanguage":"fr-FR","@id":"https:\/\/koryo.club\/fr\/#\/schema\/logo\/image\/","url":"","contentUrl":"","caption":"koryo club"},"image":{"@id":"https:\/\/koryo.club\/fr\/#\/schema\/logo\/image\/"}}]}},"_links":{"self":[{"href":"https:\/\/koryo.club\/fr\/wp-json\/wp\/v2\/pages\/8803","targetHints":{"allow":["GET"]}}],"collection":[{"href":"https:\/\/koryo.club\/fr\/wp-json\/wp\/v2\/pages"}],"about":[{"href":"https:\/\/koryo.club\/fr\/wp-json\/wp\/v2\/types\/page"}],"author":[{"embeddable":true,"href":"https:\/\/koryo.club\/fr\/wp-json\/wp\/v2\/users\/2"}],"replies":[{"embeddable":true,"href":"https:\/\/koryo.club\/fr\/wp-json\/wp\/v2\/comments?post=8803"}],"version-history":[{"count":0,"href":"https:\/\/koryo.club\/fr\/wp-json\/wp\/v2\/pages\/8803\/revisions"}],"wp:attachment":[{"href":"https:\/\/koryo.club\/fr\/wp-json\/wp\/v2\/media?parent=8803"}],"curies":[{"name":"wp","href":"https:\/\/api.w.org\/{rel}","templated":true}]}}